{"id":34,"date":"2023-02-08T09:56:37","date_gmt":"2023-02-08T08:56:37","guid":{"rendered":"https:\/\/iicmonaco.esteri.it\/chi-siamo\/"},"modified":"2023-08-09T12:48:32","modified_gmt":"2023-08-09T10:48:32","slug":"chi-siamo","status":"publish","type":"page","link":"https:\/\/iicmonaco.esteri.it\/de\/chi-siamo\/","title":{"rendered":"\u00dcber uns"},"content":{"rendered":"<div>\n<p>Das 1955 gegr\u00fcndete <strong>Italienische Kulturinstitut M\u00fcnchen<\/strong> ist eine Einrichtung des italienischen Staates, deren Ziel die Verbreitung der italienischen Sprache und Kultur im Ausland ist.<\/p>\n<p>Das Angebot des Italienischen Kulturinstituts M\u00fcnchen umfasst:<\/p>\n<\/div>\n<ul>\n<li><strong>Kulturveranstaltungen<\/strong>, die Italien und seine Kultur zum Thema haben, um die Verbreitung von Ideen, K\u00fcnsten und Wissenschaften zu f\u00f6rdern (Konzerte, Lesungen, Ausstellungen, Filmreihen, Theaterauff\u00fchrungen, Tagungen);<\/li>\n<li><strong>Italienische Sprach- und Kulturkurse<\/strong>, die von erfahrenen muttersprachlichen Lehrern gehalten werden, auch im Online-Modus;<\/li>\n<li><strong>Pr\u00fcfungen zur Erlangung des CILS-Sprachdiploms<\/strong>, das die Italienischkenntnisse auf den verschiedenen Niveaus des Gemeinsamen europ\u00e4ischen Referenzrahmens f\u00fcr Sprachen (GeR) zertifiziert;<\/li>\n<li>eine <strong>Bibliothek<\/strong>, in der Interessierte italienische Zeitschriften kosultieren und italienische B\u00fccher ausleihen k\u00f6nnen; au\u00dferdem steht \u00fcber die Plattform <strong>MLOL \u2013 MediaLibraryOnline<\/strong> eine online-Bibliothek mit Hemerothek und Ausleihe von e-books zur Verf\u00fcgung;<\/li>\n<li>einen Informations- und Dokumentationsdienst f\u00fcr den Bereich der italienischen Kultur.<\/li>\n<\/ul>\n<p>Das Institut verf\u00fcgt \u00fcber einen gro\u00dfen Saal mit 100 Pl\u00e4tzen, der f\u00fcr Vortr\u00e4ge, Konzerte sowie Film- und Videoprojektionen ausgestattet ist. Daneben gibt es ein weites Foyer und einen kleineren Saal, in denen Ausstellungen stattfinden. Es stehen au\u00dferdem sieben Unterrichtsr\u00e4ume f\u00fcr die Italienischkurse zur Verf\u00fcgung.<\/p>\n<p>Bei seinen kulturellen Aktivit\u00e4ten kooperiert das Institut mit wichtigen Institutionen vor Ort, im Besonderen mit Einrichtungen, die sich f\u00fcr die F\u00f6rderung der italienischen Sprache und Kultur einsetzen.<\/p>\n<p>Das Institut ist Mitglied von <strong>EUNIC M\u00fcnchen<\/strong>. Weitere Mitglieder sind:<\/p>\n<ul>\n<li>das <a href=\"https:\/\/www.goethe.de\/ins\/de\/de\/ort\/mue.html\">Goethe-Institut M\u00fcnchen<\/a><\/li>\n<li>das <a href=\"https:\/\/www.institutfrancais.de\/muenchen?gad=1&amp;gclid=EAIaIQobChMIwaKk2erMgAMV44ZoCR078A2hEAAYASAAEgKG-fD_BwE\">Institut fran\u00e7ais M\u00fcnchen<\/a><\/li>\n<li>das <a href=\"https:\/\/munich.cervantes.es\/de\/default.shtm\">Instituto Cervantes M\u00fcnchen<\/a><\/li>\n<li>das <a href=\"https:\/\/munich.czechcentres.cz\/de\/\">Tschechisches Zentrum M\u00fcnchen<\/a>.<\/li>\n<\/ul>\n","protected":false},"excerpt":{"rendered":"Das 1955 gegr\u00fcndete Italienische Kulturinstitut M\u00fcnchen ist eine Einrichtung des italienischen Staates, deren Ziel die Verbreitung der italienischen Sprache und Kultur im Ausland ist. Das Angebot des Italienischen Kulturinstituts M\u00fcnchen umfasst: Kulturveranstaltungen, die Italien und seine Kultur zum Thema haben, um die Verbreitung von Ideen, K\u00fcnsten und Wissenschaften zu f\u00f6rdern (Konzerte, Lesungen, Ausstellungen, Filmreihen, Theaterauff\u00fchrungen, [&hellip;]","protected":false},"author":1,"featured_media":0,"parent":0,"menu_order":0,"comment_status":"closed","ping_status":"closed","template":"","meta":{"footnotes":""},"class_list":["post-34","page","type-page","status-publish","hentry"],"_links":{"self":[{"href":"https:\/\/iicmonaco.esteri.it\/de\/wp-json\/wp\/v2\/pages\/34","targetHints":{"allow":["GET"]}}],"collection":[{"href":"https:\/\/iicmonaco.esteri.it\/de\/wp-json\/wp\/v2\/pages"}],"about":[{"href":"https:\/\/iicmonaco.esteri.it\/de\/wp-json\/wp\/v2\/types\/page"}],"author":[{"embeddable":true,"href":"https:\/\/iicmonaco.esteri.it\/de\/wp-json\/wp\/v2\/users\/1"}],"replies":[{"embeddable":true,"href":"https:\/\/iicmonaco.esteri.it\/de\/wp-json\/wp\/v2\/comments?post=34"}],"version-history":[{"count":0,"href":"https:\/\/iicmonaco.esteri.it\/de\/wp-json\/wp\/v2\/pages\/34\/revisions"}],"wp:attachment":[{"href":"https:\/\/iicmonaco.esteri.it\/de\/wp-json\/wp\/v2\/media?parent=34"}],"curies":[{"name":"wp","href":"https:\/\/api.w.org\/{rel}","templated":true}]}}