{"id":32,"date":"2023-02-08T09:57:28","date_gmt":"2023-02-08T08:57:28","guid":{"rendered":"https:\/\/iicmonaco.esteri.it\/lingua-e-cultura\/"},"modified":"2023-08-08T18:49:10","modified_gmt":"2023-08-08T16:49:10","slug":"lingua-e-cultura","status":"publish","type":"page","link":"https:\/\/iicmonaco.esteri.it\/de\/lingua-e-cultura\/","title":{"rendered":"Sprache und Kultur"},"content":{"rendered":"<p>Eine halbe Million Studenten absolviert jedes Jahr Italienisch-Sprachkurse au\u00dferhalb Italiens, in allen L\u00e4ndern der Welt.<\/p>\n<p><strong>Aus welchem Grund?<br \/>\n<\/strong><br \/>\n<strong>Italienisch ist eine Kultursprache.<\/strong><br \/>\nDie Sprache zu beherrschen, er\u00f6ffnet einem den Zugang zu einem literarischen Erbe von grundlegender Bedeutung f\u00fcr die europ\u00e4ische Geschichte, von humanistischen und wissenschaftlich wertvollen Texten bis zu Produktionen im Bereich Theater, Musik, Oper, Kino und Fernsehen.<\/p>\n<p><strong>Italienisch ist eine Sprache des Studiums.<\/strong><br \/>\nZahlreiche Studenten entscheiden sich jedes Jahr daf\u00fcr, unsere Schulen, Universit\u00e4ten, Akademien und Bibliotheken zu konsultieren.<\/p>\n<p><strong>Italienisch ist eine Sprache der Arbeit.<br \/>\n<\/strong>Manager, Investoren, Techniker, Arbeiter\/Handwerker und Angestellte treten in Kontakt mit Firmen aus Industrie, Handwerk und italienischen Dienstleistungen. Dieser Umstand sorgt daf\u00fcr, dass sich die Grenzen unseres Landes zunehmend ausweiten.<\/p>\n<p>Wenn man Italienisch spricht, wird der Besuch in unserem Land und bei unseren gastfreundlichen Menschen zu einem wahren Genu\u00df von Kunstst\u00e4tten und Sch\u00f6nheiten der Natur.<\/p>\n","protected":false},"excerpt":{"rendered":"Eine halbe Million Studenten absolviert jedes Jahr Italienisch-Sprachkurse au\u00dferhalb Italiens, in allen L\u00e4ndern der Welt. Aus welchem Grund? Italienisch ist eine Kultursprache. Die Sprache zu beherrschen, er\u00f6ffnet einem den Zugang zu einem literarischen Erbe von grundlegender Bedeutung f\u00fcr die europ\u00e4ische Geschichte, von humanistischen und wissenschaftlich wertvollen Texten bis zu Produktionen im Bereich Theater, Musik, Oper, [&hellip;]","protected":false},"author":1,"featured_media":0,"parent":0,"menu_order":0,"comment_status":"closed","ping_status":"closed","template":"","meta":{"footnotes":""},"class_list":["post-32","page","type-page","status-publish","hentry"],"_links":{"self":[{"href":"https:\/\/iicmonaco.esteri.it\/de\/wp-json\/wp\/v2\/pages\/32","targetHints":{"allow":["GET"]}}],"collection":[{"href":"https:\/\/iicmonaco.esteri.it\/de\/wp-json\/wp\/v2\/pages"}],"about":[{"href":"https:\/\/iicmonaco.esteri.it\/de\/wp-json\/wp\/v2\/types\/page"}],"author":[{"embeddable":true,"href":"https:\/\/iicmonaco.esteri.it\/de\/wp-json\/wp\/v2\/users\/1"}],"replies":[{"embeddable":true,"href":"https:\/\/iicmonaco.esteri.it\/de\/wp-json\/wp\/v2\/comments?post=32"}],"version-history":[{"count":0,"href":"https:\/\/iicmonaco.esteri.it\/de\/wp-json\/wp\/v2\/pages\/32\/revisions"}],"wp:attachment":[{"href":"https:\/\/iicmonaco.esteri.it\/de\/wp-json\/wp\/v2\/media?parent=32"}],"curies":[{"name":"wp","href":"https:\/\/api.w.org\/{rel}","templated":true}]}}