{"id":135,"date":"2023-02-09T15:00:32","date_gmt":"2023-02-09T14:00:32","guid":{"rendered":"https:\/\/iicmonaco.esteri.it\/lingua-e-cultura\/biblioteca\/"},"modified":"2024-09-11T13:32:26","modified_gmt":"2024-09-11T11:32:26","slug":"biblioteca","status":"publish","type":"page","link":"https:\/\/iicmonaco.esteri.it\/de\/lingua-e-cultura\/biblioteca\/","title":{"rendered":"Bibliothek"},"content":{"rendered":"<p><em>Die B\u00fccher, die du schon seit langem einmal lesen wolltest, die B\u00fccher, die du seit Jahren vergeblich gesucht hast, die B\u00fccher, die etwas behandeln, das dich gerade besch\u00e4ftigt, die B\u00fccher, die du f\u00fcr alle F\u00e4lle gern griffbereit h\u00e4ttest, die B\u00fccher, die du dir bereitlegen k\u00f6nntest zwecks eventueller Lekt\u00fcre im Sommer, die B\u00fccher, die du br\u00e4uchtest, um sie neben andere B\u00fccher in dein Regal zu stellen, die B\u00fccher, die eine pl\u00f6tzliche heftige und nicht ganz erkl\u00e4rliche Neugier in dir wecken<\/em>.<\/p>\n<p><em><span class=\"titoloRosso\">\u00a0\u00a0\u00a0\u00a0\u00a0\u00a0\u00a0\u00a0\u00a0\u00a0\u00a0\u00a0\u00a0\u00a0\u00a0\u00a0\u00a0\u00a0\u00a0\u00a0\u00a0\u00a0\u00a0\u00a0\u00a0\u00a0\u00a0\u00a0\u00a0\u00a0\u00a0\u00a0\u00a0\u00a0\u00a0\u00a0\u00a0\u00a0\u00a0\u00a0\u00a0\u00a0\u00a0\u00a0\u00a0\u00a0\u00a0\u00a0\u00a0\u00a0\u00a0\u00a0\u00a0\u00a0\u00a0\u00a0\u00a0\u00a0\u00a0\u00a0\u00a0\u00a0\u00a0\u00a0\u00a0\u00a0\u00a0\u00a0Italo Calvino<\/span>, Wenn ein Reisender in einer Winternacht<\/em><\/p>\n<p>&nbsp;<\/p>\n<p>Sie finden in der Bibliothek des Istituto Italiano di Cultura ein breites Angebot an italienischer Literatur von der Klassik zur Gegenwart sowie Sachliteratur im Bereich: Bildende Kunst, Reise, Geschichte etc.. Nach Vorlage eines amtlichen Ausweises k\u00f6nnen bis zu 3 B\u00fccher f\u00fcr maximal 4 Wochen entliehen werden. Au\u00dferdem ist es m\u00f6glich, Tageszeitungen und Zeitschriften vor Ort einzusehen.<\/p>\n<p>An <a href=\"https:\/\/clmr.infoteca.it\/bw5ne2\/opac.aspx?web=ICMB&amp;SRC=SBAS\">dieser Stelle<\/a> haben Sie die M\u00f6glichkeit, unseren Online-Katalog zu konsultieren.<\/p>\n<p>&nbsp;<\/p>\n<p>\u00d6ffnungszeiten:<\/p>\n<p>Di.-Mi.: 10:00-13:00 Uhr<\/p>\n<p>&nbsp;<\/p>\n<p>&nbsp;<\/p>\n<p><strong>Digitale Bibliothek Istituto Italiano di Cultura M\u00fcnchen<\/strong><\/p>\n<p><strong>Online-Plattform MLOL &#8211; <a href=\"https:\/\/iicmonaco.medialibrary.it\/home\/cover.aspx\">MediaLibraryOnline<\/a><\/strong><\/p>\n<p>Unsere digitale Bibliothek erm\u00f6glicht den Zugriff auf verschiedene E-Books, darunter auch Neuerscheinungen, die f\u00fcr eine bestimmte Zeit auf Computer, Tablet, Smartphone oder E-Reader herunterladen werden k\u00f6nnen. Der Zugriff ist von \u00fcberall m\u00f6glich, ohne daf\u00fcr in eine Bibliothek gehen zu m\u00fcssen. Die digitale Bibliothek des Istituto Italiano di Cultura M\u00fcnchen ist f\u00fcr BenutzerInnen mit Wohnsitz in Bayern bestimmt.<\/p>\n<p>Entdecken sie unsere Digitalbibliothek unter:<\/p>\n<p><a href=\"https:\/\/iicmonaco.medialibrary.it\/home\/cover.aspx\">https:\/\/iicmonaco.medialibrary.it\/home\/cover.aspx<\/a><\/p>\n<p>Um mehr davon zu erfahren klicken Sie bitte auf diesen <a href=\"https:\/\/www.medialibrary.it\/help\/guida.aspx\">Link<\/a>.<\/p>\n<p>&nbsp;<\/p>\n<p><strong>Um das Anmeldeformular herunterzuladen, klicken Sie bitte<\/strong> <a href=\"https:\/\/docs.google.com\/forms\/d\/1r8fqEsH_oQ3XcTJhCiStvjkNM1cI3fcdXAb-cgqeunM\/edit\">hier<\/a>. Vielen Dank!<\/p>\n<p>Per Email erhalten Sie dann die Zugangsdaten (Benutzername und Password) zur digitalen Bibliothek. Sobald Sie den Benutzernamen und das Passwort eingeben, k\u00f6nnen Sie kostenfrei B\u00fccher ausleihen und vom Service der Digitalbibliothek profitieren.<\/p>\n<p>&nbsp;<\/p>\n","protected":false},"excerpt":{"rendered":"Die B\u00fccher, die du schon seit langem einmal lesen wolltest, die B\u00fccher, die du seit Jahren vergeblich gesucht hast, die B\u00fccher, die etwas behandeln, das dich gerade besch\u00e4ftigt, die B\u00fccher, die du f\u00fcr alle F\u00e4lle gern griffbereit h\u00e4ttest, die B\u00fccher, die du dir bereitlegen k\u00f6nntest zwecks eventueller Lekt\u00fcre im Sommer, die B\u00fccher, die du br\u00e4uchtest, [&hellip;]","protected":false},"author":3,"featured_media":0,"parent":32,"menu_order":12,"comment_status":"closed","ping_status":"closed","template":"","meta":{"footnotes":""},"class_list":["post-135","page","type-page","status-publish","hentry"],"_links":{"self":[{"href":"https:\/\/iicmonaco.esteri.it\/de\/wp-json\/wp\/v2\/pages\/135","targetHints":{"allow":["GET"]}}],"collection":[{"href":"https:\/\/iicmonaco.esteri.it\/de\/wp-json\/wp\/v2\/pages"}],"about":[{"href":"https:\/\/iicmonaco.esteri.it\/de\/wp-json\/wp\/v2\/types\/page"}],"author":[{"embeddable":true,"href":"https:\/\/iicmonaco.esteri.it\/de\/wp-json\/wp\/v2\/users\/3"}],"replies":[{"embeddable":true,"href":"https:\/\/iicmonaco.esteri.it\/de\/wp-json\/wp\/v2\/comments?post=135"}],"version-history":[{"count":6,"href":"https:\/\/iicmonaco.esteri.it\/de\/wp-json\/wp\/v2\/pages\/135\/revisions"}],"predecessor-version":[{"id":4559,"href":"https:\/\/iicmonaco.esteri.it\/de\/wp-json\/wp\/v2\/pages\/135\/revisions\/4559"}],"up":[{"embeddable":true,"href":"https:\/\/iicmonaco.esteri.it\/de\/wp-json\/wp\/v2\/pages\/32"}],"wp:attachment":[{"href":"https:\/\/iicmonaco.esteri.it\/de\/wp-json\/wp\/v2\/media?parent=135"}],"curies":[{"name":"wp","href":"https:\/\/api.w.org\/{rel}","templated":true}]}}