{"id":134,"date":"2023-02-09T14:59:53","date_gmt":"2023-02-09T13:59:53","guid":{"rendered":"https:\/\/iicmonaco.esteri.it\/lingua-e-cultura\/studiare-in-italia\/"},"modified":"2024-01-30T15:12:37","modified_gmt":"2024-01-30T14:12:37","slug":"studiare-in-italia","status":"publish","type":"page","link":"https:\/\/iicmonaco.esteri.it\/de\/lingua-e-cultura\/studiare-in-italia\/","title":{"rendered":"In Italien studieren"},"content":{"rendered":"<p><strong>UNIVERSIT\u00c4TEN<\/strong><\/p>\n<p>Centre for the Academic Promotion and Orientation of Study in Italy <a class=\"\" href=\"https:\/\/www.uni-italia.net\/\" data-focus-mouse=\"false\">https:\/\/www.uni-italia.net\/<\/a><\/p>\n<p>Allgemeine Informationen zur Organisation und Arbeitsweise der italienischen Universit\u00e4ten sind auf den Internetseiten des Ministero dell\u2019Istruzione dell\u2019Universit\u00e0 e della Ricerca (MIUR) zu finden.<\/p>\n<p>Vollst\u00e4ndige Listen der Universit\u00e4ten sind \u00fcber die folgenden Seiten abrufbar:<\/p>\n<ul>\n<li><a href=\"https:\/\/www.studiare-in-italia.it\/studentistranieri\/\">https:\/\/www.studiare-in-italia.it\/studentistranieri\/<\/a><\/li>\n<li><a href=\"http:\/\/cercauniversita.cineca.it\/index.php?module=strutture&amp;page=StructureSearchParams&amp;advanced_serch=1\">Die Cineca Suchmaschine des MIUR <\/a><\/li>\n<li><a href=\"https:\/\/www.crui.it\/\" target=\"_blank\" rel=\"noopener\">die Seite der CRUI (Italienische Hochschulrektorenkonferenz<\/a><\/li>\n<\/ul>\n<p>&nbsp;<\/p>\n<p class=\"titoloNotizia\">Informationen zur Immatrikulation:<br \/>\nSuchportal <a href=\"https:\/\/accordi-internazionali.cineca.it\/\">CINECA<\/a><br \/>\nauf der Seite des italienischen Bildungsministeriums <a href=\"https:\/\/www.studiare-in-italia.it\/studentistranieri\/\">MIUR<\/a><\/p>\n<p>Weitere Links:<br \/>\n<a href=\"http:\/\/www.fondazionerui.it\">www.fondazionerui.it<\/a><br \/>\n<a href=\"http:\/\/www.camplus.it\">www.camplus.it<\/a><\/p>\n<p>F\u00fcr Wissenschaftler, die ins europ\u00e4ische Ausland gehen m\u00f6chten:<br \/>\n<a href=\"https:\/\/euraxess.ec.europa.eu\/\">EURAXESS \u2013 Researchers in Motion<\/a><\/p>\n<p>&nbsp;<\/p>\n<p><strong><span class=\"titoloCategoria\">SCHULEN<br \/>\n<\/span><\/strong><br \/>\nAllgemeine Informationen zum italienischen Schulsystem und weitere n\u00fctzliche Ausk\u00fcnfte sind auf den Seiten des <a href=\"https:\/\/www.miur.gov.it\/web\/guest\/il-sistema-di-istruzione\" target=\"_blank\" rel=\"noopener\">Ministero dell\u2019Istruzione dell\u2019Universit\u00e0 e della Ricerca<\/a>\u00a0(MIUR) zu finden.<\/p>\n<p><a href=\"https:\/\/eduitalia.org\/\">Eduitalia \u2013 Italian association of qualified Schools, Academies and Universities<\/a><\/p>\n<p class=\"titoloNotizia\"><a href=\"https:\/\/eduitalia.org\/wp-content\/guide\/Guida-Eduitalia-2024-usa.pdf\"><span class=\"titoloCategoria\">Eduitalia Guide 2024<\/span><\/a><\/p>\n<p>&nbsp;<\/p>\n<p>DOZENT F\u00dcR ITALIENISCH ALS FREMDSPRACHE<\/p>\n<ul>\n<li><a href=\"https:\/\/www.itals.it\/\">Progetto ITALS<\/a> \u2013 Dipartimento di Scienze del Linguaggio dell\u2019Universit\u00e0 Ca\u2018 Foscari di Venezia<\/li>\n<li><a href=\"https:\/\/ditals.unistrasi.it\/home.asp\">DITALS<\/a> \u2013 Certificazione di competenza in didattica dell\u2019italiano a stranieri \u2013 Universit\u00e0 per Stranieri di Siena<\/li>\n<li><a href=\"https:\/\/www.unistrapg.it\/it\" target=\"_blank\" rel=\"noopener\">Laurea in insegnamento della lingua e della cultura italiana a stranieri<\/a> \u2013 Universit\u00e0 per Stranieri di Perugia<\/li>\n<li><a href=\"https:\/\/www.unidarc.it\/\">Universit\u00e0 per Stranieri \u201eDante Alighieri\u201c di Reggio Calabria<\/a><\/li>\n<\/ul>\n","protected":false},"excerpt":{"rendered":"UNIVERSIT\u00c4TEN Centre for the Academic Promotion and Orientation of Study in Italy https:\/\/www.uni-italia.net\/ Allgemeine Informationen zur Organisation und Arbeitsweise der italienischen Universit\u00e4ten sind auf den Internetseiten des Ministero dell\u2019Istruzione dell\u2019Universit\u00e0 e della Ricerca (MIUR) zu finden. Vollst\u00e4ndige Listen der Universit\u00e4ten sind \u00fcber die folgenden Seiten abrufbar: https:\/\/www.studiare-in-italia.it\/studentistranieri\/ Die Cineca Suchmaschine des MIUR die Seite der [&hellip;]","protected":false},"author":3,"featured_media":0,"parent":32,"menu_order":10,"comment_status":"closed","ping_status":"closed","template":"","meta":{"footnotes":""},"class_list":["post-134","page","type-page","status-publish","hentry"],"_links":{"self":[{"href":"https:\/\/iicmonaco.esteri.it\/de\/wp-json\/wp\/v2\/pages\/134","targetHints":{"allow":["GET"]}}],"collection":[{"href":"https:\/\/iicmonaco.esteri.it\/de\/wp-json\/wp\/v2\/pages"}],"about":[{"href":"https:\/\/iicmonaco.esteri.it\/de\/wp-json\/wp\/v2\/types\/page"}],"author":[{"embeddable":true,"href":"https:\/\/iicmonaco.esteri.it\/de\/wp-json\/wp\/v2\/users\/3"}],"replies":[{"embeddable":true,"href":"https:\/\/iicmonaco.esteri.it\/de\/wp-json\/wp\/v2\/comments?post=134"}],"version-history":[{"count":6,"href":"https:\/\/iicmonaco.esteri.it\/de\/wp-json\/wp\/v2\/pages\/134\/revisions"}],"predecessor-version":[{"id":2868,"href":"https:\/\/iicmonaco.esteri.it\/de\/wp-json\/wp\/v2\/pages\/134\/revisions\/2868"}],"up":[{"embeddable":true,"href":"https:\/\/iicmonaco.esteri.it\/de\/wp-json\/wp\/v2\/pages\/32"}],"wp:attachment":[{"href":"https:\/\/iicmonaco.esteri.it\/de\/wp-json\/wp\/v2\/media?parent=134"}],"curies":[{"name":"wp","href":"https:\/\/api.w.org\/{rel}","templated":true}]}}