{"id":133,"date":"2023-02-09T14:58:54","date_gmt":"2023-02-09T13:58:54","guid":{"rendered":"https:\/\/iicmonaco.esteri.it\/lingua-e-cultura\/certificazioni\/"},"modified":"2026-03-11T17:01:23","modified_gmt":"2026-03-11T16:01:23","slug":"certificazioni","status":"publish","type":"page","link":"https:\/\/iicmonaco.esteri.it\/de\/lingua-e-cultura\/certificazioni\/","title":{"rendered":"Sprachzertifikate"},"content":{"rendered":"<p><strong>Zertifikate f\u00fcr Italienisch als Fremdsprache<\/strong><\/p>\n<p>Die Italienisch-Zertifikate sind Urkunden, die den Grad der kommunikativen Kompetenz im Italienischen best\u00e4tigen. Die Adressaten sind alle Ausl\u00e4nder, italienische B\u00fcrger, die im Ausland wohnen (und von italienischen Auswanderern abstammen) sowie alle Einwanderer in Italien.<\/p>\n<p>Um die Pr\u00fcfung zu bestehen ist es nicht notwendig, besondere Studientitel zu besitzen.<\/p>\n<p>F\u00fcr die Durchf\u00fchrung der Pr\u00fcfung hat das Italienischen Kulturinstitut M\u00fcnchen mit der folgenden Einrichtung eine Vereinbarung getroffen:<\/p>\n<p><a href=\"http:\/\/cils.unistrasi.it\/\">Universit\u00e0 per Stranieri di Siena<\/a> (CILS)<\/p>\n<p>Die n\u00e4chsten Pr\u00fcfungstermine f\u00fcr die CILS-Pr\u00fcfungen, die im Italienischen Kulturinstitut M\u00fcnchen stattfinden, sind:<\/p>\n<p style=\"margin: 0cm;\"><strong>14.04.2026 \u2013 ANMELDUNG NICHT MEHR M\u00d6GLICH<\/strong><\/p>\n<p style=\"margin: 0cm;\">Livelli:<\/p>\n<p style=\"margin: 0cm;\">B1 Adolescenti (f\u00fcr Jugendliche zwischen 14 und 18 Jahren)<\/p>\n<p style=\"margin: 0cm;\">B2 Adolescenti (f\u00fcr Jugendliche zwischen 16 und 18 Jahren)<\/p>\n<p style=\"margin: 0cm;\">B2<\/p>\n<p style=\"margin: 0cm;\">C1 (nur f\u00fcr MedizinstudentInnen, die sich auf eine Facharztausbildung vorbereiten)<\/p>\n<p style=\"margin: 0cm;\"><strong>\u00a0<\/strong><\/p>\n<p style=\"margin: 0cm;\"><strong>16.06.2026 \u2013 Anmeldeschluss: 06.05.2026<\/strong><\/p>\n<p style=\"margin: 0cm;\">Livelli:<\/p>\n<p style=\"margin: 0cm;\">B1 Adolescenti (f\u00fcr Jugendliche zwischen 14 und 18 Jahren)<\/p>\n<p style=\"margin: 0cm;\">B1<\/p>\n<p style=\"margin: 0cm;\">B2 Adolescenti (f\u00fcr Jugendliche zwischen 16 und 18 Jahren)<\/p>\n<p style=\"margin: 0cm;\">B2<\/p>\n<p style=\"margin: 0cm;\">C1<\/p>\n<p style=\"margin: 0cm;\">C2<\/p>\n<p style=\"margin: 0cm;\"><strong>\u00a0<\/strong><\/p>\n<p style=\"margin: 0cm;\"><strong>03.12.2026 \u2013 Anmeldeschluss: 22.10.2026<\/strong><\/p>\n<p style=\"margin: 0cm;\">Livelli:<\/p>\n<p style=\"margin: 0cm;\">B1 Adolescenti (f\u00fcr Jugendliche zwischen 14 und 18 Jahren)<\/p>\n<p style=\"margin: 0cm;\">B1<\/p>\n<p style=\"margin: 0cm;\">B2 Adolescenti (f\u00fcr Jugendliche zwischen 16 und 18 Jahren)<\/p>\n<p style=\"margin: 0cm;\">B2<\/p>\n<p style=\"margin: 0cm;\">C1<\/p>\n<p style=\"margin: 0cm;\">C2<\/p>\n<p>Vorbereitungskurse am Institut <a href=\"https:\/\/iicmonaco.esteri.it\/de\/lingua-e-cultura\/i-corsi-di-lingua\/\">&gt;&gt;&gt;<\/a><\/p>\n<p><a href=\"https:\/\/iicmonaco.esteri.it\/wp-content\/uploads\/2025\/12\/CILS-Anmeldeformular-2026.pdf\">CILS-Anmeldeformular 2026<\/a><\/p>\n<p>&nbsp;<\/p>\n<p><strong>Anmeldung<\/strong>:<\/p>\n<p>Bei Interesse senden Sie bitte das Anmeldeformular vollst\u00e4ndig ausgef\u00fcllt (mit Pr\u00fcfungsdatum) zusammen mit den Kopien Ihres zum Pr\u00fcfungszeitpunkt g\u00fcltigen Personalausweises oder Passes und des \u00dcberweisungsbelegs \u00fcber die Anmeldegeb\u00fchr<\/p>\n<p>via E-Mail an: <a href=\"mailto:segreteria.iicmonaco@esteri.it\">segreteria.iicmonaco@esteri.it<\/a><\/p>\n<p>oder \u2013 falls digital nicht m\u00f6glich &#8211; per Post an:<\/p>\n<p>Istituto Italiano di Cultura<br \/>\nHermann-Schmid-Str. 8<br \/>\n80336 M\u00fcnchen<\/p>\n<p><u>Bankverbindung:<br \/>\n<\/u>Italienisches Kulturinstitut<br \/>\nHypoVereinsbank M\u00fcnchen<br \/>\nIBAN: DE56 700202700010179574<br \/>\nBIC: HYVEDEMMXXX<\/p>\n<p><strong>Grunds\u00e4tzliches zur CILS-Pr\u00fcfung<\/strong><\/p>\n<p>Die Pr\u00fcfung besteht aus 5 Teilpr\u00fcfungen; diese k\u00f6nnen bei Nichtbestehen innerhalb von 18 Monaten einzeln nachgeholt und bezahlt werden. Die Ergebnisse \u2013 g\u00fcltig f\u00fcr die Zwecke der Eigenerkl\u00e4rung \u2013 k\u00f6nnen innerhalb von ca. 3 Monaten ab dem Pr\u00fcfungsdatum von der Website der <span class=\"hover:entity-accent entity-underline inline cursor-pointer align-baseline\"><span class=\"whitespace-normal\">Universit\u00e0 per Stranieri di Siena<\/span><\/span> heruntergeladen werden. Das Diplom wird, sofern die gesamte Pr\u00fcfung bestanden wurde, automatisch zu einem sp\u00e4teren Zeitpunkt, etwa weitere 3 Monate nach dem Pr\u00fcfungsdatum, zugestellt.<\/p>\n<p><strong>F\u00fcr den Erhalt der italienischen Staatsb\u00fcrgerschaft ist das Niveau B1 notwendig.<\/strong><\/p>\n<p><strong>Anmeldegeb\u00fchr:<\/strong><\/p>\n<p>F\u00fcr die Gesamtpr\u00fcfung:<br \/>\nB1 Adolescenti:\u00a0 \u00a0 \u00a0 \u00a0 \u00a0 \u00a0 \u00a0 \u00a0 \u20ac 80,&#8211;<br \/>\nB1:\u00a0 \u00a0 \u00a0 \u00a0 \u00a0 \u00a0 \u00a0 \u00a0 \u00a0 \u00a0 \u00a0 \u00a0 \u00a0 \u00a0 \u00a0 \u00a0 \u00a0 \u00a0 \u00a0 \u00a0\u20ac 100,&#8211;<br \/>\nB2 Adolescenti\u00a0 \u00a0 \u00a0 \u00a0 \u00a0 \u00a0 \u00a0 \u00a0 \u00a0\u20ac 110,&#8211;<br \/>\nB2:\u00a0\u00a0\u00a0\u00a0\u00a0\u00a0\u00a0\u00a0\u00a0\u00a0\u00a0\u00a0\u00a0\u00a0\u00a0\u00a0\u00a0\u00a0\u00a0\u00a0\u00a0\u00a0\u00a0\u00a0\u00a0\u00a0\u00a0\u00a0\u00a0\u00a0\u00a0\u00a0\u00a0\u00a0\u00a0\u00a0\u00a0 \u20ac 110,&#8211;<br \/>\nC1:\u00a0\u00a0\u00a0\u00a0\u00a0\u00a0\u00a0\u00a0\u00a0\u00a0\u00a0\u00a0\u00a0\u00a0\u00a0\u00a0\u00a0\u00a0\u00a0\u00a0\u00a0\u00a0\u00a0\u00a0\u00a0\u00a0\u00a0\u00a0\u00a0\u00a0\u00a0\u00a0\u00a0\u00a0\u00a0\u00a0\u00a0 \u20ac 135,&#8211;<br \/>\nC2:\u00a0\u00a0\u00a0\u00a0\u00a0\u00a0\u00a0\u00a0\u00a0\u00a0\u00a0\u00a0\u00a0\u00a0\u00a0\u00a0\u00a0\u00a0\u00a0\u00a0\u00a0\u00a0\u00a0\u00a0\u00a0\u00a0\u00a0\u00a0\u00a0\u00a0\u00a0\u00a0\u00a0\u00a0\u00a0\u00a0\u00a0 \u20ac 160,&#8211;<\/p>\n<p>F\u00fcr jede nachzuholende Teilpr\u00fcfungen:<br \/>\nB1 Adolescenti:\u00a0 \u00a0 \u00a0 \u00a0 \u00a0 \u00a0 \u00a0 \u00a0\u20ac 20,&#8211;<br \/>\nB1:\u00a0 \u00a0 \u00a0 \u00a0 \u00a0 \u00a0 \u00a0 \u00a0 \u00a0 \u00a0 \u00a0 \u00a0 \u00a0 \u00a0 \u00a0 \u00a0 \u00a0 \u00a0 \u00a0\u20ac 25,&#8211;<br \/>\nB2 Adolescenti\u00a0 \u00a0 \u00a0 \u00a0 \u00a0 \u00a0 \u00a0 \u00a0 \u20ac27,&#8211;<br \/>\nB2:\u00a0 \u00a0 \u00a0 \u00a0 \u00a0 \u00a0 \u00a0 \u00a0 \u00a0 \u00a0 \u00a0 \u00a0 \u00a0 \u00a0 \u00a0 \u00a0 \u00a0 \u00a0 \u00a0\u20ac 27,&#8211;<br \/>\nC1:\u00a0 \u00a0 \u00a0 \u00a0 \u00a0 \u00a0 \u00a0 \u00a0 \u00a0 \u00a0 \u00a0 \u00a0 \u00a0 \u00a0 \u00a0 \u00a0 \u00a0 \u00a0 \u00a0\u20ac 35,&#8211;<br \/>\nC2:\u00a0 \u00a0 \u00a0 \u00a0 \u00a0 \u00a0 \u00a0 \u00a0 \u00a0 \u00a0 \u00a0 \u00a0 \u00a0 \u00a0 \u00a0 \u00a0 \u00a0 \u00a0 \u20ac 35,&#8211;<\/p>\n<p>&nbsp;<\/p>\n<p><strong>Andere Sprachdiplome:<br \/>\n<\/strong><br \/>\n<a href=\"http:\/\/www.cvcl.it\/home.aspx\"><strong>Universit\u00e0 per Stranieri di Perugia<\/strong><\/a>\u00a0(CELI, CIC, DILS-PG)<\/p>\n<p><a href=\"http:\/\/www.certificazioneitaliano.uniroma3.it\/Main.aspx\"><strong>Universit\u00e0 degli Studi Roma Tre<\/strong><\/a> (IT \u2013 ele.IT)<\/p>\n<p><a href=\"http:\/\/www.plida.it\/\"><strong>Societ\u00e0 Dante Alighieri<\/strong><\/a>\u00a0(PLIDA)<\/p>\n<p><strong>Entsprechungen der Zertifikate mit dem europ\u00e4ischen Referenzrahmen<\/strong><\/p>\n<table>\n<tbody>\n<tr>\n<td width=\"100\"><\/td>\n<td width=\"100\"><strong>Universit\u00e0 per Stranieri di Perugia<\/strong><\/td>\n<td width=\"100\">Universit\u00e0 per Stranieri di<br \/>\nSiena<\/td>\n<td width=\"100\">Universit\u00e0 degli Studi di Roma Tre<\/td>\n<td width=\"100\">Dante Alighieri<\/td>\n<\/tr>\n<tr>\n<td width=\"100\">LIVELLO C2<br \/>\nPadronanza<\/td>\n<td width=\"100\">CELI 5<\/td>\n<td width=\"100\">CILS Quattro-C2<\/td>\n<td width=\"100\">IT<\/td>\n<td width=\"100\">PLIDA C2<\/td>\n<\/tr>\n<tr>\n<td width=\"100\">LIVELLO C1<br \/>\nEfficacia<\/td>\n<td width=\"100\">CELI4<\/td>\n<td width=\"100\">CILS Tre-C1<\/td>\n<td width=\"100\">\u2014\u2014<\/td>\n<td width=\"100\">PLIDA C1<\/td>\n<\/tr>\n<tr>\n<td width=\"100\">LIVELLO B2<br \/>\nProgresso<\/td>\n<td width=\"100\">CELI3<\/td>\n<td width=\"100\">CILS Due B2<\/td>\n<td width=\"100\">\u2014\u2014<\/td>\n<td width=\"100\">PLIDA\u00a0B2<\/td>\n<\/tr>\n<tr>\n<td width=\"100\">LIVELLO B1<br \/>\nSoglia<\/td>\n<td width=\"100\">CELI2<\/td>\n<td width=\"100\">CILS Uno B1<\/td>\n<td width=\"100\">ele.IT<\/td>\n<td width=\"100\">PLIDA B1<\/td>\n<\/tr>\n<tr>\n<td width=\"100\">LIVELLO A2<br \/>\nSopravvivenza<\/td>\n<td width=\"100\">CELI1<\/td>\n<td width=\"100\">CILS A2<\/td>\n<td width=\"100\">\u2014\u2014<\/td>\n<td width=\"100\">PLIDA\u00a0A2<\/td>\n<\/tr>\n<tr>\n<td width=\"100\">LIVELLO A1<br \/>\nContatto<\/td>\n<td width=\"100\">CELI1<\/td>\n<td width=\"100\">CILS A1<\/td>\n<td width=\"100\">\u2014\u2014<\/td>\n<td width=\"100\">PLIDA A1<\/td>\n<\/tr>\n<\/tbody>\n<\/table>\n","protected":false},"excerpt":{"rendered":"Zertifikate f\u00fcr Italienisch als Fremdsprache Die Italienisch-Zertifikate sind Urkunden, die den Grad der kommunikativen Kompetenz im Italienischen best\u00e4tigen. Die Adressaten sind alle Ausl\u00e4nder, italienische B\u00fcrger, die im Ausland wohnen (und von italienischen Auswanderern abstammen) sowie alle Einwanderer in Italien. Um die Pr\u00fcfung zu bestehen ist es nicht notwendig, besondere Studientitel zu besitzen. F\u00fcr die Durchf\u00fchrung [&hellip;]","protected":false},"author":3,"featured_media":0,"parent":32,"menu_order":8,"comment_status":"closed","ping_status":"closed","template":"","meta":{"footnotes":""},"class_list":["post-133","page","type-page","status-publish","hentry"],"_links":{"self":[{"href":"https:\/\/iicmonaco.esteri.it\/de\/wp-json\/wp\/v2\/pages\/133","targetHints":{"allow":["GET"]}}],"collection":[{"href":"https:\/\/iicmonaco.esteri.it\/de\/wp-json\/wp\/v2\/pages"}],"about":[{"href":"https:\/\/iicmonaco.esteri.it\/de\/wp-json\/wp\/v2\/types\/page"}],"author":[{"embeddable":true,"href":"https:\/\/iicmonaco.esteri.it\/de\/wp-json\/wp\/v2\/users\/3"}],"replies":[{"embeddable":true,"href":"https:\/\/iicmonaco.esteri.it\/de\/wp-json\/wp\/v2\/comments?post=133"}],"version-history":[{"count":6,"href":"https:\/\/iicmonaco.esteri.it\/de\/wp-json\/wp\/v2\/pages\/133\/revisions"}],"predecessor-version":[{"id":8893,"href":"https:\/\/iicmonaco.esteri.it\/de\/wp-json\/wp\/v2\/pages\/133\/revisions\/8893"}],"up":[{"embeddable":true,"href":"https:\/\/iicmonaco.esteri.it\/de\/wp-json\/wp\/v2\/pages\/32"}],"wp:attachment":[{"href":"https:\/\/iicmonaco.esteri.it\/de\/wp-json\/wp\/v2\/media?parent=133"}],"curies":[{"name":"wp","href":"https:\/\/api.w.org\/{rel}","templated":true}]}}