{"id":132,"date":"2023-02-09T14:58:24","date_gmt":"2023-02-09T13:58:24","guid":{"rendered":"https:\/\/iicmonaco.esteri.it\/lingua-e-cultura\/borse-di-studio\/"},"modified":"2023-08-08T20:12:00","modified_gmt":"2023-08-08T18:12:00","slug":"borse-di-studio","status":"publish","type":"page","link":"https:\/\/iicmonaco.esteri.it\/de\/lingua-e-cultura\/borse-di-studio\/","title":{"rendered":"Stipendien"},"content":{"rendered":"<p><strong>Sprachkurs-Stipendien<\/strong><\/p>\n<p>Das Istituto Italiano di Cultura M\u00fcnchen vergibt jedes Jahr f\u00fcr Interessenten mit Hauptwohnsitz in Bayern Stipendien und Teilstipendien, die von Privatschulen zur Verf\u00fcgung gestellt werden. Die Stipendiaten m\u00fcssen vollj\u00e4hrig sein. Die Zahl der Stipendien und Teilstipendien ist begrenzt.<br \/>\nDas Stipendium umfa\u00dft in der Regel eine Minderung der Sprachkursgeb\u00fchren.<br \/>\nDie Reise- und Aufenthaltskosten gehen zu Lasten der Kursteilnehmer. Die Sprachschulen sind zumeist bei der Suche nach einer passenden Unterkunft behilflich.<\/p>\n<p><strong>Der Antrag muss wie folgt gestellt werden:<\/strong><br \/>\n<strong>\u2022 Schriftlicher Antrag<\/strong>, aus dem hervorgeht, aus welchem Grund das Stipendium beantragt wird<br \/>\n\u2022 Lebenslauf<br \/>\n\u2022 Empfehlung eines Universit\u00e4tsdozenten oder einer Lehrkraft des Istituto Italiano di Cultura<br \/>\n\u2022 Zeitraum, Kursdauer (2 bis 4 Wochen), gew\u00fcnschte Pr\u00e4ferenzen und sonstige wichtige Informationen.<\/p>\n<p><a href=\"https:\/\/iicmonaco.esteri.it\/wp-content\/uploads\/2023\/08\/stipendienantrag6.doc\"><strong>Laden Sie das Formular hier herunter!<\/strong><\/a><\/p>\n<p><strong>Der vollst\u00e4ndige Antrag muss per E-mail an culturale.iicmonaco@esteri.it geschickt werden.<\/strong><\/p>\n<p>Die Stipendien werden vom Istituto Italiano di Cultura aufgrund der verf\u00fcgbaren Angebote und der eingereichten Unterlagen vergeben.<br \/>\nDie Sprachschule setzt sich nach Eingang des Antrags dann direkt mit dem Teilnehmer in Verbindung.<br \/>\nNach Beendigung des Kurses bittet das Istituto Italiano di Cultura die Stipendiaten \u00fcber die erfolgte Teilnahme <strong>einen kurzen Erfahrungsbericht<\/strong> zu schreiben. Darin sollen alle wesentlichen Aspekte des Unterrichts, der Organisation der Sprachschule und der angebotenen Unterbringung enthalten sein.<\/p>\n","protected":false},"excerpt":{"rendered":"Sprachkurs-Stipendien Das Istituto Italiano di Cultura M\u00fcnchen vergibt jedes Jahr f\u00fcr Interessenten mit Hauptwohnsitz in Bayern Stipendien und Teilstipendien, die von Privatschulen zur Verf\u00fcgung gestellt werden. Die Stipendiaten m\u00fcssen vollj\u00e4hrig sein. Die Zahl der Stipendien und Teilstipendien ist begrenzt. Das Stipendium umfa\u00dft in der Regel eine Minderung der Sprachkursgeb\u00fchren. Die Reise- und Aufenthaltskosten gehen zu [&hellip;]","protected":false},"author":3,"featured_media":0,"parent":32,"menu_order":6,"comment_status":"closed","ping_status":"closed","template":"","meta":{"footnotes":""},"class_list":["post-132","page","type-page","status-publish","hentry"],"_links":{"self":[{"href":"https:\/\/iicmonaco.esteri.it\/de\/wp-json\/wp\/v2\/pages\/132","targetHints":{"allow":["GET"]}}],"collection":[{"href":"https:\/\/iicmonaco.esteri.it\/de\/wp-json\/wp\/v2\/pages"}],"about":[{"href":"https:\/\/iicmonaco.esteri.it\/de\/wp-json\/wp\/v2\/types\/page"}],"author":[{"embeddable":true,"href":"https:\/\/iicmonaco.esteri.it\/de\/wp-json\/wp\/v2\/users\/3"}],"replies":[{"embeddable":true,"href":"https:\/\/iicmonaco.esteri.it\/de\/wp-json\/wp\/v2\/comments?post=132"}],"version-history":[{"count":0,"href":"https:\/\/iicmonaco.esteri.it\/de\/wp-json\/wp\/v2\/pages\/132\/revisions"}],"up":[{"embeddable":true,"href":"https:\/\/iicmonaco.esteri.it\/de\/wp-json\/wp\/v2\/pages\/32"}],"wp:attachment":[{"href":"https:\/\/iicmonaco.esteri.it\/de\/wp-json\/wp\/v2\/media?parent=132"}],"curies":[{"name":"wp","href":"https:\/\/api.w.org\/{rel}","templated":true}]}}