{"id":131,"date":"2023-02-09T14:58:08","date_gmt":"2023-02-09T13:58:08","guid":{"rendered":"https:\/\/iicmonaco.esteri.it\/chi-siamo\/i-corsi-di-lingua\/"},"modified":"2026-01-12T14:53:10","modified_gmt":"2026-01-12T13:53:10","slug":"i-corsi-di-lingua","status":"publish","type":"page","link":"https:\/\/iicmonaco.esteri.it\/de\/lingua-e-cultura\/i-corsi-di-lingua\/","title":{"rendered":"Unsere Sprachkurse"},"content":{"rendered":"<p>Italienisch lernen am Italienischen Kulturinstitut bedeutet, in ein<strong> lebendiges und anregendes Umfeld<\/strong> einzutauchen, mit Kursen, die f\u00fcr alle <strong>Niveaus (A1-C2)<\/strong> geeignet sind. Wir bieten auch <strong>themenspezifische Kurse<\/strong> \u00fcber Literatur, Kino, K\u00fcche, Kunst, <strong>Musik<\/strong>, interkulturelle Kommunikation und vieles mehr an, bereichert durch kulturelle Veranstaltungen und Vortr\u00e4ge, die die Lernerfahrung erweitern. Unsere Programme, die auf der neuesten glottodidaktischen Forschung und dem Gemeinsamen Europ\u00e4ischen Referenzrahmen basieren, werden von hochqualifizierten MuttersprachlerInnen unterrichtet, die<strong> innovative Methoden<\/strong> anwenden, um ein effektives und ansprechendes Lernen zu gew\u00e4hrleisten. Auf Wunsch stellen wir <strong>Teilnahmebescheinigungen<\/strong> aus und bieten <strong>verschiedene Stipendien<\/strong> f\u00fcr Italienischkurse in Italien an, die es den Studierenden erm\u00f6glichen, vollst\u00e4ndig in die italienische Kultur einzutauchen. Entdecken Sie das Vergn\u00fcgen, mit uns Italienisch zu lernen und erleben Sie eine einzigartige und umfassende Bildungserfahrung!<\/p>\n<p>Wir bieten verschiedene Arten von Kursen an: <strong>Pr\u00e4senzkurse, Fernkurse oder kombinierte Kurse<\/strong>.<\/p>\n<p>Bei Online-Kursen nehmen die Studierenden \u00fcber Videokonferenzen teil. Sie ben\u00f6tigen daf\u00fcr lediglich einen PC oder ein Smartphone und eine stabile Internetverbindung. Bei kombinierten Kursen gibt es zwei M\u00f6glichkeiten: abwechselnd Pr\u00e4senz- und Fernunterricht oder gleichzeitiger Pr\u00e4senz- und Online-Unterricht. W\u00e4hlen Sie den Modus, der Ihren Bed\u00fcrfnissen am besten entspricht, und beginnen Sie Ihre Reise zum Italienischlernen mit uns!<\/p>\n<p><strong>Entdecken Sie unser Programm!<\/strong><\/p>\n<p><a href=\"https:\/\/iicmonaco.esteri.it\/wp-content\/uploads\/2026\/01\/Italienischkurse-SoSe-2026.pdf\"><img loading=\"lazy\" decoding=\"async\" class=\"alignnone size-medium wp-image-8337 img-fluid\" src=\"https:\/\/iicmonaco.esteri.it\/wp-content\/uploads\/2026\/01\/forum-sose26-sprachk-212x300.png\" alt=\"\" width=\"212\" height=\"300\" srcset=\"https:\/\/iicmonaco.esteri.it\/wp-content\/uploads\/2026\/01\/forum-sose26-sprachk-212x300.png 212w, https:\/\/iicmonaco.esteri.it\/wp-content\/uploads\/2026\/01\/forum-sose26-sprachk-724x1024.png 724w, https:\/\/iicmonaco.esteri.it\/wp-content\/uploads\/2026\/01\/forum-sose26-sprachk-768x1086.png 768w, https:\/\/iicmonaco.esteri.it\/wp-content\/uploads\/2026\/01\/forum-sose26-sprachk.png 1414w\" sizes=\"auto, (max-width: 212px) 100vw, 212px\" \/><\/a><a href=\"https:\/\/iicmonaco.esteri.it\/wp-content\/uploads\/2026\/01\/Kultur-und-Musikkurse-SoSe-2026.pdf\"><img loading=\"lazy\" decoding=\"async\" class=\"alignnone size-medium wp-image-8339 img-fluid\" src=\"https:\/\/iicmonaco.esteri.it\/wp-content\/uploads\/2026\/01\/forum-sose26-kultur-212x300.png\" alt=\"\" width=\"212\" height=\"300\" srcset=\"https:\/\/iicmonaco.esteri.it\/wp-content\/uploads\/2026\/01\/forum-sose26-kultur-212x300.png 212w, https:\/\/iicmonaco.esteri.it\/wp-content\/uploads\/2026\/01\/forum-sose26-kultur-724x1024.png 724w, https:\/\/iicmonaco.esteri.it\/wp-content\/uploads\/2026\/01\/forum-sose26-kultur-768x1086.png 768w, https:\/\/iicmonaco.esteri.it\/wp-content\/uploads\/2026\/01\/forum-sose26-kultur.png 1414w\" sizes=\"auto, (max-width: 212px) 100vw, 212px\" \/><\/a><\/p>\n<p><strong>PREISE <\/strong><\/p>\n<p><strong>Semesterkurse<\/strong> &#8211; einmal pro Woche, 90 Min., 14 Wochen &#8211; <strong>210\u20ac<\/strong><\/p>\n<p><strong>Auffrischung und Ausbau<\/strong>\u00a0&#8211; einmal pro Woche, 90 Min., 14 Wochen &#8211; <strong>210\u20ac<\/strong><\/p>\n<p><strong>Konversationskurse <\/strong>&#8211; einmal pro Woche, 90 Min., 14 Wochen &#8211; <strong>210\u20ac<\/strong><\/p>\n<p><strong>Schnellkurse<\/strong> &#8211; einmal pro Woche, 3 Stunden, 8 Wochen &#8211; <strong>240\u20ac<\/strong><\/p>\n<p><strong>Intensivkurse <\/strong>&#8211; 2 mal pro Woche, 3 Stunden, 4 Wochen &#8211; <strong>325\u20ac<\/strong><\/p>\n<p><strong>Kompaktkurse<\/strong> &#8211; 4 mal pro Woche, 3 Stunden, 2 Wochen &#8211; <strong>325\u20ac<\/strong><\/p>\n<p>&nbsp;<\/p>\n<p><strong>EINSCHREIBUNG<\/strong><\/p>\n<p>Die Einschreibung erfolgt durch Einreichung eines vollst\u00e4ndig ausgef\u00fcllten<strong><a href=\"https:\/\/iicmonaco.esteri.it\/wp-content\/uploads\/2023\/08\/Forum_Italia_Sprach_und_Kulturkurse_Anmeldung.pdf\"> Anmeldeformulars<\/a> <\/strong>(per E-Mail, Post oder online) und<strong> Zahlung der Kursgeb\u00fchr<\/strong>.<\/p>\n<p>Kursabteilung<\/p>\n<p>Forum Italia e.V.<br \/>\nHermann-Schmid-Str. 8, 80336 M\u00fcnchen<br \/>\nTel.: 49- (0)89 \/ 74632122<br \/>\nE-Mail: info@forumitalia.de<\/p>\n<p>Telefonische Sprechzeiten<br \/>\nMo: 10 &#8211; 12 Uhr<br \/>\nMo-Do: 10 &#8211; 12 Uhr und 14 &#8211; 16 Uhr<br \/>\nFr: 10 &#8211; 12 Uhr<\/p>\n<p>Pers\u00f6nliche Termine: nur nach telefonischer Vereinbarung.<\/p>\n<p><strong>Weitere Informationen<\/strong> \u00fcber die M\u00f6glichkeit, einen Einstufungstest durchzuf\u00fchren, \u00fcber Zahlungsmodalit\u00e4ten, Erm\u00e4\u00dfigungen, Stornierungs- und Erstattungsregelungen, Teilnehmerzahl pro Kurs und Unterrichtsausfallzeiten finden Sie im folgenden <a href=\"https:\/\/iicmonaco.esteri.it\/wp-content\/uploads\/2026\/01\/PDF-Allgemeine-Hinweise-Informationen.pdf\">PDF Allgemeine Hinweise &amp; Informationen<\/a><\/p>\n","protected":false},"excerpt":{"rendered":"Italienisch lernen am Italienischen Kulturinstitut bedeutet, in ein lebendiges und anregendes Umfeld einzutauchen, mit Kursen, die f\u00fcr alle Niveaus (A1-C2) geeignet sind. Wir bieten auch themenspezifische Kurse \u00fcber Literatur, Kino, K\u00fcche, Kunst, Musik, interkulturelle Kommunikation und vieles mehr an, bereichert durch kulturelle Veranstaltungen und Vortr\u00e4ge, die die Lernerfahrung erweitern. Unsere Programme, die auf der neuesten [&hellip;]","protected":false},"author":3,"featured_media":0,"parent":32,"menu_order":4,"comment_status":"closed","ping_status":"closed","template":"","meta":{"footnotes":""},"class_list":["post-131","page","type-page","status-publish","hentry"],"_links":{"self":[{"href":"https:\/\/iicmonaco.esteri.it\/de\/wp-json\/wp\/v2\/pages\/131","targetHints":{"allow":["GET"]}}],"collection":[{"href":"https:\/\/iicmonaco.esteri.it\/de\/wp-json\/wp\/v2\/pages"}],"about":[{"href":"https:\/\/iicmonaco.esteri.it\/de\/wp-json\/wp\/v2\/types\/page"}],"author":[{"embeddable":true,"href":"https:\/\/iicmonaco.esteri.it\/de\/wp-json\/wp\/v2\/users\/3"}],"replies":[{"embeddable":true,"href":"https:\/\/iicmonaco.esteri.it\/de\/wp-json\/wp\/v2\/comments?post=131"}],"version-history":[{"count":8,"href":"https:\/\/iicmonaco.esteri.it\/de\/wp-json\/wp\/v2\/pages\/131\/revisions"}],"predecessor-version":[{"id":8344,"href":"https:\/\/iicmonaco.esteri.it\/de\/wp-json\/wp\/v2\/pages\/131\/revisions\/8344"}],"up":[{"embeddable":true,"href":"https:\/\/iicmonaco.esteri.it\/de\/wp-json\/wp\/v2\/pages\/32"}],"wp:attachment":[{"href":"https:\/\/iicmonaco.esteri.it\/de\/wp-json\/wp\/v2\/media?parent=131"}],"curies":[{"name":"wp","href":"https:\/\/api.w.org\/{rel}","templated":true}]}}