{"id":130,"date":"2023-02-09T14:58:11","date_gmt":"2023-02-09T13:58:11","guid":{"rendered":"https:\/\/iicmonaco.esteri.it\/chi-siamo\/contatti\/"},"modified":"2026-01-07T13:47:24","modified_gmt":"2026-01-07T12:47:24","slug":"contatti","status":"publish","type":"page","link":"https:\/\/iicmonaco.esteri.it\/de\/chi-siamo\/contatti\/","title":{"rendered":"Kontakt"},"content":{"rendered":"<p><strong>Istituto Italiano di Cultura Monaco di Baviera<\/strong><\/p>\n<p>Hermann-Schmid-Stra\u00dfe 8<\/p>\n<p>80336 M\u00fcnchen<\/p>\n<p>&nbsp;<\/p>\n<p><strong>Telefon<\/strong><\/p>\n<p>Zentrale +49 (0)89 7463210<\/p>\n<p>&nbsp;<\/p>\n<p><strong>E-mail<\/strong><\/p>\n<p>Die einfachste Art uns zu erreichen ist per E-Mail: <a href=\"mailto:info.iicmonaco@esteri.it\">info.iicmonaco@esteri.it<\/a><\/p>\n<p>Da uns sehr viele Veranstaltungsvorschl\u00e4ge erreichen, k\u00f6nnen wir bedauerlicherweise nicht garantieren, alle Anfragen beantworten zu k\u00f6nnen.<\/p>\n<p>&nbsp;<\/p>\n<p><strong><span class=\"titoloRosso\">\u00d6ffnungszeiten<\/span><\/strong><\/p>\n<p>Montag \u2013 Donnerstag 10.00 \u2013 13.00 Uhr und 15.00 \u2013 17.00<\/p>\n<p>Freitag 10.00\u2013 13.30<\/p>\n<p>&nbsp;<\/p>\n<p><strong>So erreichen Sie uns <\/strong><\/p>\n<p><a href=\"https:\/\/www.google.com\/maps?ll=48.128332,11.553172&amp;z=16&amp;t=m&amp;hl=it-IT&amp;gl=US&amp;mapclient=embed&amp;cid=3381331497282576713\"><img decoding=\"async\" class=\"alignnone size-medium wp-image-117 img-fluid\" src=\"https:\/\/iicmonaco.esteri.it\/wp-content\/uploads\/2023\/02\/comeraggiungerci_monaco.png\" alt=\"come raggiungerci Monaco\" width=\"700\" srcset=\"https:\/\/iicmonaco.esteri.it\/wp-content\/uploads\/2023\/02\/comeraggiungerci_monaco.png 794w, https:\/\/iicmonaco.esteri.it\/wp-content\/uploads\/2023\/02\/comeraggiungerci_monaco-300x153.png 300w, https:\/\/iicmonaco.esteri.it\/wp-content\/uploads\/2023\/02\/comeraggiungerci_monaco-768x392.png 768w\" sizes=\"(max-width: 794px) 100vw, 794px\" \/><\/a><\/p>\n<p>U-Bahn-Linie U3\/U6 bis Haltestelle &#8222;Goetheplatz&#8220;<\/p>\n<p>&nbsp;<\/p>\n<p><strong>Feiertage 2026<\/strong><\/p>\n<p>Donnerstag, 1. Januar &#8211; Neujahr<\/p>\n<p>Freitag, 3. April &#8211; Karfreitag<\/p>\n<p style=\"margin: 0cm; line-height: 150%;\"><span style=\"font-family: 'Titillium Web';\">Montag, 6. April &#8211; Ostermontag<\/span><\/p>\n<p>Samstag, 25. April &#8211; Jahrestag der Befreiung Italiens<\/p>\n<p>Freitag, 1. Mai &#8211; Tag der Arbeit<\/p>\n<p>Montag, 25. Juni &#8211; Pfingstmontag<\/p>\n<p>Dienstag, 2. Juni &#8211; Tag der Italienischen Republik<\/p>\n<p>Samstag, 3. Oktober &#8211; Tag der Deutschen Einheit<\/p>\n<p>Sonntag, 1. November &#8211; Allerheiligen<\/p>\n<p>Freitag, 25. Dezember &#8211; 1. Weihnachtstag<\/p>\n<p>Samstag, 26. Dezember &#8211; 2. Weihnachtstag<\/p>\n","protected":false},"excerpt":{"rendered":"Istituto Italiano di Cultura Monaco di Baviera Hermann-Schmid-Stra\u00dfe 8 80336 M\u00fcnchen &nbsp; Telefon Zentrale +49 (0)89 7463210 &nbsp; E-mail Die einfachste Art uns zu erreichen ist per E-Mail: info.iicmonaco@esteri.it Da uns sehr viele Veranstaltungsvorschl\u00e4ge erreichen, k\u00f6nnen wir bedauerlicherweise nicht garantieren, alle Anfragen beantworten zu k\u00f6nnen. &nbsp; \u00d6ffnungszeiten Montag \u2013 Donnerstag 10.00 \u2013 13.00 Uhr und [&hellip;]","protected":false},"author":3,"featured_media":0,"parent":34,"menu_order":4,"comment_status":"closed","ping_status":"closed","template":"","meta":{"footnotes":""},"class_list":["post-130","page","type-page","status-publish","hentry"],"_links":{"self":[{"href":"https:\/\/iicmonaco.esteri.it\/de\/wp-json\/wp\/v2\/pages\/130","targetHints":{"allow":["GET"]}}],"collection":[{"href":"https:\/\/iicmonaco.esteri.it\/de\/wp-json\/wp\/v2\/pages"}],"about":[{"href":"https:\/\/iicmonaco.esteri.it\/de\/wp-json\/wp\/v2\/types\/page"}],"author":[{"embeddable":true,"href":"https:\/\/iicmonaco.esteri.it\/de\/wp-json\/wp\/v2\/users\/3"}],"replies":[{"embeddable":true,"href":"https:\/\/iicmonaco.esteri.it\/de\/wp-json\/wp\/v2\/comments?post=130"}],"version-history":[{"count":6,"href":"https:\/\/iicmonaco.esteri.it\/de\/wp-json\/wp\/v2\/pages\/130\/revisions"}],"predecessor-version":[{"id":8303,"href":"https:\/\/iicmonaco.esteri.it\/de\/wp-json\/wp\/v2\/pages\/130\/revisions\/8303"}],"up":[{"embeddable":true,"href":"https:\/\/iicmonaco.esteri.it\/de\/wp-json\/wp\/v2\/pages\/34"}],"wp:attachment":[{"href":"https:\/\/iicmonaco.esteri.it\/de\/wp-json\/wp\/v2\/media?parent=130"}],"curies":[{"name":"wp","href":"https:\/\/api.w.org\/{rel}","templated":true}]}}