{"id":129,"date":"2023-02-09T14:56:49","date_gmt":"2023-02-09T13:56:49","guid":{"rendered":"https:\/\/iicmonaco.esteri.it\/chi-siamo\/la-sede\/"},"modified":"2023-08-08T17:48:09","modified_gmt":"2023-08-08T15:48:09","slug":"la-sede","status":"publish","type":"page","link":"https:\/\/iicmonaco.esteri.it\/de\/chi-siamo\/la-sede\/","title":{"rendered":"La Sede"},"content":{"rendered":"<p>Die Gr\u00fcndung des Istituto Italiano di Cultura geht auf das Jahr 1955 zur\u00fcck. Dabei bediente man sich des Grundst\u00fccks, auf dem sich zuvor die &#8222;Casa degl&#8217;Italiani&#8220; befand. Ende der 1930er Jahre wurde sie haupts\u00e4chlich mit Geldern der kleinen Gemeinde italienischer Obst- und Gem\u00fcseimporteure erbaut, die in der N\u00e4he des Gro\u00dfmarktes wohnten. Das Istituto Italiano di Cultura liegt auch tats\u00e4chlich zwischen dem Gro\u00dfmarkt und der Theresienwiese. Im Krieg vermutlich zerst\u00f6rt, wurde mit Mitteln des Italiensichen Staates 1954\/1955 das heutige Geb\u00e4ude errichtet.<\/p>\n<p>&nbsp;<\/p>\n","protected":false},"excerpt":{"rendered":"Die Gr\u00fcndung des Istituto Italiano di Cultura geht auf das Jahr 1955 zur\u00fcck. Dabei bediente man sich des Grundst\u00fccks, auf dem sich zuvor die &#8222;Casa degl&#8217;Italiani&#8220; befand. Ende der 1930er Jahre wurde sie haupts\u00e4chlich mit Geldern der kleinen Gemeinde italienischer Obst- und Gem\u00fcseimporteure erbaut, die in der N\u00e4he des Gro\u00dfmarktes wohnten. Das Istituto Italiano di [&hellip;]","protected":false},"author":3,"featured_media":0,"parent":34,"menu_order":2,"comment_status":"closed","ping_status":"closed","template":"","meta":{"footnotes":""},"class_list":["post-129","page","type-page","status-publish","hentry"],"_links":{"self":[{"href":"https:\/\/iicmonaco.esteri.it\/de\/wp-json\/wp\/v2\/pages\/129","targetHints":{"allow":["GET"]}}],"collection":[{"href":"https:\/\/iicmonaco.esteri.it\/de\/wp-json\/wp\/v2\/pages"}],"about":[{"href":"https:\/\/iicmonaco.esteri.it\/de\/wp-json\/wp\/v2\/types\/page"}],"author":[{"embeddable":true,"href":"https:\/\/iicmonaco.esteri.it\/de\/wp-json\/wp\/v2\/users\/3"}],"replies":[{"embeddable":true,"href":"https:\/\/iicmonaco.esteri.it\/de\/wp-json\/wp\/v2\/comments?post=129"}],"version-history":[{"count":0,"href":"https:\/\/iicmonaco.esteri.it\/de\/wp-json\/wp\/v2\/pages\/129\/revisions"}],"up":[{"embeddable":true,"href":"https:\/\/iicmonaco.esteri.it\/de\/wp-json\/wp\/v2\/pages\/34"}],"wp:attachment":[{"href":"https:\/\/iicmonaco.esteri.it\/de\/wp-json\/wp\/v2\/media?parent=129"}],"curies":[{"name":"wp","href":"https:\/\/api.w.org\/{rel}","templated":true}]}}